{"id":1156,"date":"2023-08-07T16:52:22","date_gmt":"2023-08-07T14:52:22","guid":{"rendered":"https:\/\/www.camping-les-arbousiers.fr\/customer-reviews-the-les-arbousiers-experience\/"},"modified":"2023-12-18T11:56:44","modified_gmt":"2023-12-18T10:56:44","slug":"customer-reviews-the-les-arbousiers-experience","status":"publish","type":"page","link":"https:\/\/www.camping-les-arbousiers.fr\/en\/customer-reviews-the-les-arbousiers-experience\/","title":{"rendered":"Customer reviews : The Les Arbousiers Experience!"},"content":{"rendered":"\n<div style=\"height:50px\" aria-hidden=\"true\" class=\"wp-block-spacer\"><\/div>\n\n<p><strong>Welcome to our customer reviews page!<\/strong>  At Camping Les Arbousiers, your satisfaction is our priority. Located in the heart of Andernos-les-Bains, on the Bay of Arcachon, we strive to offer our visitors an unforgettable experience.  <br\/><br\/>Read the testimonials of those who have stayed with us, and feel free to share your own.<\/p>\n\n<div style=\"height:100px\" aria-hidden=\"true\" class=\"wp-block-spacer\"><\/div>\n\n<h2 class=\"wp-block-heading has-text-align-center\">Our Google reviews :<\/h2>\n\n<div style=\"height:30px\" aria-hidden=\"true\" class=\"wp-block-spacer\"><\/div>\n<div class=\"ti-widget ti-goog\" data-layout-id=\"34\" data-set-id=\"light-background\" data-pid=\"\" data-language=\"fr\" data-version=\"2\" data-review-target-width=\"300\" data-review-text-mode=\"readmore\" data-pager-autoplay-timeout=\"6\" > <div class=\"ti-widget-container ti-col-3\"> <div class=\"ti-header source-Google\"> <div class=\"ti-rating-text\"> <strong class=\"ti-rating ti-rating-large\"> BIEN <\/strong> <\/div> <span class=\"ti-stars star-lg\"> <span class=\"ti-star f\"><\/span><span class=\"ti-star f\"><\/span><span class=\"ti-star f\"><\/span><span class=\"ti-star f\"><\/span><span class=\"ti-star e\"><\/span> <\/span> <div class=\"ti-rating-text\"> <span class=\"nowrap\">Bas\u00e9e sur <strong>383 avis<\/strong><\/span> <\/div> <div class=\"ti-large-logo\"> <div class=\"ti-v-center\"> <img decoding=\"async\" class=\"ti-logo-fb\" src=\"https:\/\/cdn.trustindex.io\/assets\/platform\/Google\/logo.svg\" width=\"150\" height=\"25\" loading=\"lazy\" alt=\"Google\" width=\"150\" height=\"25\" \/> <\/div> <\/div> <\/div> <div class=\"ti-reviews-container\"> <div class=\"ti-controls\"> <div class=\"ti-next\" aria-label=\"Avis suivante\" role=\"button\"><\/div> <div class=\"ti-prev\" aria-label=\"Avis pr\u00e9c\u00e9dent\" role=\"button\"><\/div> <\/div> <div class=\"ti-reviews-container-wrapper\">  <div data-empty=\"1\" class=\"ti-review-item source-Google ti-image-layout-thumbnail\" data-id=\"cfcd208495d565ef66e7dff9f98764da\" > <div class=\"ti-inner\"> <div class=\"ti-review-header\"> <div class=\"ti-profile-img\"> <img decoding=\"async\" src=\"https:\/\/lh3.googleusercontent.com\/a-\/ALV-UjV4ZLWslxO7EmSnrH0seS6YPgTRO5YSVVNbNcXL-Ws7k2_u9HmC=s120-c-rp-mo-ba4-br100\" srcset=\"https:\/\/lh3.googleusercontent.com\/a-\/ALV-UjV4ZLWslxO7EmSnrH0seS6YPgTRO5YSVVNbNcXL-Ws7k2_u9HmC=s120-c-rp-mo-ba4-br100 2x\" alt=\"Jennifer Penisson\" loading=\"lazy\" \/> <\/div> <div class=\"ti-profile-details\"> <div class=\"ti-name\"> Jennifer Penisson <\/div> <div class=\"ti-date\">2025-11-25<\/div> <\/div> <\/div> <span class=\"ti-stars\"><span class=\"ti-star f\"><\/span><span class=\"ti-star f\"><\/span><span class=\"ti-star f\"><\/span><span class=\"ti-star f\"><\/span><span class=\"ti-star f\"><\/span><\/span> <div class=\"ti-review-text-container ti-review-content\"><!-- R-CONTENT --><!-- R-CONTENT --><\/div> <span class=\"ti-read-more\" data-container=\".ti-review-content\" data-collapse-text=\"Cacher\" data-open-text=\"Lire la suite\" ><\/span> <\/div> <\/div>  <div data-empty=\"1\" class=\"ti-review-item source-Google ti-image-layout-thumbnail\" data-id=\"cfcd208495d565ef66e7dff9f98764da\" > <div class=\"ti-inner\"> <div class=\"ti-review-header\"> <div class=\"ti-profile-img\"> <img decoding=\"async\" src=\"https:\/\/lh3.googleusercontent.com\/a-\/ALV-UjV-h-ygKo8Ysj-xAv6B_Nd7kGAZEyiIlWPsqAES-LRxwS5mfek=s120-c-rp-mo-br100\" srcset=\"https:\/\/lh3.googleusercontent.com\/a-\/ALV-UjV-h-ygKo8Ysj-xAv6B_Nd7kGAZEyiIlWPsqAES-LRxwS5mfek=s120-c-rp-mo-br100 2x\" alt=\"herve champagnat\" loading=\"lazy\" \/> <\/div> <div class=\"ti-profile-details\"> <div class=\"ti-name\"> herve champagnat <\/div> <div class=\"ti-date\">2025-09-21<\/div> <\/div> <\/div> <span class=\"ti-stars\"><span class=\"ti-star f\"><\/span><span class=\"ti-star f\"><\/span><span class=\"ti-star f\"><\/span><span class=\"ti-star f\"><\/span><span class=\"ti-star e\"><\/span><\/span> <div class=\"ti-review-text-container ti-review-content\"><!-- R-CONTENT --><!-- R-CONTENT --><\/div> <span class=\"ti-read-more\" data-container=\".ti-review-content\" data-collapse-text=\"Cacher\" data-open-text=\"Lire la suite\" ><\/span> <\/div> <\/div>  <div data-empty=\"1\" class=\"ti-review-item source-Google ti-image-layout-thumbnail\" data-id=\"cfcd208495d565ef66e7dff9f98764da\" > <div class=\"ti-inner\"> <div class=\"ti-review-header\"> <div class=\"ti-profile-img\"> <img decoding=\"async\" src=\"https:\/\/lh3.googleusercontent.com\/a-\/ALV-UjXWh2NDLXHQt97qBKDOrK5mRMYWek-dDColxRY94BX_VKm6R5Y=s120-c-rp-mo-ba3-br100\" srcset=\"https:\/\/lh3.googleusercontent.com\/a-\/ALV-UjXWh2NDLXHQt97qBKDOrK5mRMYWek-dDColxRY94BX_VKm6R5Y=s120-c-rp-mo-ba3-br100 2x\" alt=\"Natacha Ribeiro\" loading=\"lazy\" \/> <\/div> <div class=\"ti-profile-details\"> <div class=\"ti-name\"> Natacha Ribeiro <\/div> <div class=\"ti-date\">2025-09-14<\/div> <\/div> <\/div> <span class=\"ti-stars\"><span class=\"ti-star f\"><\/span><span class=\"ti-star f\"><\/span><span class=\"ti-star f\"><\/span><span class=\"ti-star f\"><\/span><span class=\"ti-star f\"><\/span><\/span> <div class=\"ti-review-text-container ti-review-content\"><!-- R-CONTENT --><!-- R-CONTENT --><\/div> <span class=\"ti-read-more\" data-container=\".ti-review-content\" data-collapse-text=\"Cacher\" data-open-text=\"Lire la suite\" ><\/span> <\/div> <\/div>  <div data-empty=\"0\" class=\"ti-review-item source-Google ti-image-layout-thumbnail\" data-id=\"cfcd208495d565ef66e7dff9f98764da\" > <div class=\"ti-inner\"> <div class=\"ti-review-header\"> <div class=\"ti-profile-img\"> <img decoding=\"async\" src=\"https:\/\/lh3.googleusercontent.com\/a\/ACg8ocJM9C6KgksBADIf8foFZa8lzRjeegDA2yikPpLiRSCXwXLwcg=s120-c-rp-mo-ba3-br100\" srcset=\"https:\/\/lh3.googleusercontent.com\/a\/ACg8ocJM9C6KgksBADIf8foFZa8lzRjeegDA2yikPpLiRSCXwXLwcg=s120-c-rp-mo-ba3-br100 2x\" alt=\"Tatou LG\" loading=\"lazy\" \/> <\/div> <div class=\"ti-profile-details\"> <div class=\"ti-name\"> Tatou LG <\/div> <div class=\"ti-date\">2025-09-10<\/div> <\/div> <\/div> <span class=\"ti-stars\"><span class=\"ti-star f\"><\/span><span class=\"ti-star f\"><\/span><span class=\"ti-star f\"><\/span><span class=\"ti-star f\"><\/span><span class=\"ti-star e\"><\/span><\/span> <div class=\"ti-review-text-container ti-review-content\"><!-- R-CONTENT -->Accueil agr\u00e9able.\nPas de vidange eaux grises pour les campings cars<!-- R-CONTENT --><\/div> <span class=\"ti-read-more\" data-container=\".ti-review-content\" data-collapse-text=\"Cacher\" data-open-text=\"Lire la suite\" ><\/span> <\/div> <\/div>  <div data-empty=\"0\" class=\"ti-review-item source-Google ti-image-layout-thumbnail\" data-id=\"cfcd208495d565ef66e7dff9f98764da\" > <div class=\"ti-inner\"> <div class=\"ti-review-header\"> <div class=\"ti-profile-img\"> <img decoding=\"async\" src=\"https:\/\/lh3.googleusercontent.com\/a-\/ALV-UjUwm09XUhWrIYw1mGQRIrvHatfbe6JW5-q2ijXoHI2speuiVG8=s120-c-rp-mo-ba2-br100\" srcset=\"https:\/\/lh3.googleusercontent.com\/a-\/ALV-UjUwm09XUhWrIYw1mGQRIrvHatfbe6JW5-q2ijXoHI2speuiVG8=s120-c-rp-mo-ba2-br100 2x\" alt=\"David Delaveau\" loading=\"lazy\" \/> <\/div> <div class=\"ti-profile-details\"> <div class=\"ti-name\"> David Delaveau <\/div> <div class=\"ti-date\">2025-09-01<\/div> <\/div> <\/div> <span class=\"ti-stars\"><span class=\"ti-star f\"><\/span><span class=\"ti-star f\"><\/span><span class=\"ti-star f\"><\/span><span class=\"ti-star f\"><\/span><span class=\"ti-star f\"><\/span><\/span> <div class=\"ti-review-text-container ti-review-content\"><!-- R-CONTENT -->Camping tr\u00e8s bien situ\u00e9, personnel accueillant, Mobile home propre. Petite piscine pour se d\u00e9tendre, terrains de p\u00e9tanque. Id\u00e9al pour se d\u00e9placer en v\u00e9lo jusqu'au bourg d'Andernos<!-- R-CONTENT --><\/div> <span class=\"ti-read-more\" data-container=\".ti-review-content\" data-collapse-text=\"Cacher\" data-open-text=\"Lire la suite\" ><\/span> <\/div> <\/div>  <div data-empty=\"0\" class=\"ti-review-item source-Google ti-image-layout-thumbnail\" data-id=\"cfcd208495d565ef66e7dff9f98764da\" > <div class=\"ti-inner\"> <div class=\"ti-review-header\"> <div class=\"ti-profile-img\"> <img decoding=\"async\" src=\"https:\/\/lh3.googleusercontent.com\/a\/ACg8ocKKyVxPYz6OXIRu-L6ih-dqUoV9VGwQMNcLO0kKfoecfrRt7g=s120-c-rp-mo-br100\" srcset=\"https:\/\/lh3.googleusercontent.com\/a\/ACg8ocKKyVxPYz6OXIRu-L6ih-dqUoV9VGwQMNcLO0kKfoecfrRt7g=s120-c-rp-mo-br100 2x\" alt=\"Emilie Delaby\" loading=\"lazy\" \/> <\/div> <div class=\"ti-profile-details\"> <div class=\"ti-name\"> Emilie Delaby <\/div> <div class=\"ti-date\">2025-08-24<\/div> <\/div> <\/div> <span class=\"ti-stars\"><span class=\"ti-star f\"><\/span><span class=\"ti-star f\"><\/span><span class=\"ti-star f\"><\/span><span class=\"ti-star f\"><\/span><span class=\"ti-star f\"><\/span><\/span> <div class=\"ti-review-text-container ti-review-content\"><!-- R-CONTENT -->Super camping on se demande pourquoi il n'a que 3 \u00e9toiles. Bonne ambiance, sanitaires\/douches propres animations via la brasserie tr\u00e8s sympa emplacements ombrag\u00e9s. A proximit\u00e9 du cap. Je recommande !<!-- R-CONTENT --><\/div> <span class=\"ti-read-more\" data-container=\".ti-review-content\" data-collapse-text=\"Cacher\" data-open-text=\"Lire la suite\" ><\/span> <\/div> <\/div>  <div data-empty=\"0\" class=\"ti-review-item source-Google ti-image-layout-thumbnail\" data-id=\"cfcd208495d565ef66e7dff9f98764da\" > <div class=\"ti-inner\"> <div class=\"ti-review-header\"> <div class=\"ti-profile-img\"> <img decoding=\"async\" src=\"https:\/\/lh3.googleusercontent.com\/a-\/ALV-UjWGycSBphh7Oyg7jCr47lQG1LI2chv1tXOL57ixhmq8rJ89DxVI=s120-c-rp-mo-ba2-br100\" srcset=\"https:\/\/lh3.googleusercontent.com\/a-\/ALV-UjWGycSBphh7Oyg7jCr47lQG1LI2chv1tXOL57ixhmq8rJ89DxVI=s120-c-rp-mo-ba2-br100 2x\" alt=\"Maxime.B\" loading=\"lazy\" \/> <\/div> <div class=\"ti-profile-details\"> <div class=\"ti-name\"> Maxime.B <\/div> <div class=\"ti-date\">2025-08-13<\/div> <\/div> <\/div> <span class=\"ti-stars\"><span class=\"ti-star f\"><\/span><span class=\"ti-star f\"><\/span><span class=\"ti-star f\"><\/span><span class=\"ti-star f\"><\/span><span class=\"ti-star f\"><\/span><\/span> <div class=\"ti-review-text-container ti-review-content\"><!-- R-CONTENT -->Camping super, Tr\u00e8s familiale avec des activit\u00e9s et des soir\u00e9es \u00e0 th\u00e8mes, vraiment super !, avec un personnel accueillant et fort sympathique, les emplacements sont assez grands dont certains ombrag\u00e9s.\nDes sanitaires tr\u00e8s propre, avec des aires de jeux pour les plus petits.\nAvec un bar\/restaurations le soir dans laquelle la nourriture est tr\u00e8s bonne et le personnel est tr\u00e8s gentil!.<!-- R-CONTENT --><\/div> <span class=\"ti-read-more\" data-container=\".ti-review-content\" data-collapse-text=\"Cacher\" data-open-text=\"Lire la suite\" ><\/span> <\/div> <\/div>  <div data-empty=\"0\" class=\"ti-review-item source-Google ti-image-layout-thumbnail\" data-id=\"cfcd208495d565ef66e7dff9f98764da\" > <div class=\"ti-inner\"> <div class=\"ti-review-header\"> <div class=\"ti-profile-img\"> <img decoding=\"async\" src=\"https:\/\/lh3.googleusercontent.com\/a-\/ALV-UjU1aYDUvgqcDptWHRFhQVKDyStQSzqZY_5BO9PChUyyyR67rrHm=s120-c-rp-mo-br100\" srcset=\"https:\/\/lh3.googleusercontent.com\/a-\/ALV-UjU1aYDUvgqcDptWHRFhQVKDyStQSzqZY_5BO9PChUyyyR67rrHm=s120-c-rp-mo-br100 2x\" alt=\"natacha clainquart\" loading=\"lazy\" \/> <\/div> <div class=\"ti-profile-details\"> <div class=\"ti-name\"> natacha clainquart <\/div> <div class=\"ti-date\">2025-08-11<\/div> <\/div> <\/div> <span class=\"ti-stars\"><span class=\"ti-star f\"><\/span><span class=\"ti-star f\"><\/span><span class=\"ti-star f\"><\/span><span class=\"ti-star f\"><\/span><span class=\"ti-star f\"><\/span><\/span> <div class=\"ti-review-text-container ti-review-content\"><!-- R-CONTENT -->Un tr\u00e8s bon camping plein d'activit\u00e9s et une tr\u00e8s bonne ambiance.\nLe personnel ainsi que celui de la brasserie sont tr\u00e8s agr\u00e9able, \u00e0 l'\u00e9coute.\nDe superbes soir\u00e9es au camping, bien rigol\u00e9 et on s'est \u00e9clat\u00e9.\nOn a fait de tr\u00e8s belles rencontres.\nLes activit\u00e9s propos\u00e9es sont g\u00e9niales Elodie la coach pour la randonn\u00e9e et le yoga est superbe, dynamique, ne mets personne de c\u00f4t\u00e9, ns int\u00e8gre bien dans l'\u00e9quipe. De tr\u00e8s bon moments.\nPour un camping 3 \u00e9toiles ils font pleins de choses c'est tr\u00e8s rare.\nJe le recommande vous voulez passer de bonne vacances n'h\u00e9sitez pas.\nEn tout cas on a pass\u00e9 d'excellente vacances.\nUn grand merci \u00e0 tout le personnel du camping pour c'est merveilleux moments.<!-- R-CONTENT --><\/div> <span class=\"ti-read-more\" data-container=\".ti-review-content\" data-collapse-text=\"Cacher\" data-open-text=\"Lire la suite\" ><\/span> <\/div> <\/div>  <\/div> <div class=\"ti-controls-line\"> <div class=\"dot\"><\/div> <\/div> <\/div>  <\/div> <\/div> \n\n<div style=\"height:100px\" aria-hidden=\"true\" class=\"wp-block-spacer\"><\/div>\n\n<h2 class=\"wp-block-heading has-text-align-center\">Our Camping2be reviews :<\/h2>\n\n<div style=\"height:30px\" aria-hidden=\"true\" class=\"wp-block-spacer\"><\/div>\n\n<p class=\"has-text-align-center\"><a href=\"https:\/\/www.camping2be.com\/france\/andernos-les-bains\/avis-clients-camping-les-arbousiers\" target=\"_blank\" rel=\"noreferrer noopener nofollow\">https:\/\/www.camping2be.com\/france\/andernos-les-bains\/avis-clients-camping-les-arbousiers<\/a><\/p>\n","protected":false},"excerpt":{"rendered":"<p>Welcome to our customer reviews page! At Camping Les Arbousiers, your satisfaction is our priority. Located in the heart of Andernos-les-Bains, on the Bay of Arcachon, we strive to offer our visitors an unforgettable experience. Read the testimonials of those who have stayed with us, and feel free to share your own. Our Google reviews [&hellip;]<\/p>\n","protected":false},"author":1,"featured_media":0,"parent":0,"menu_order":1,"comment_status":"closed","ping_status":"closed","template":"","meta":{"footnotes":""},"acf":[],"yoast_head":"<!-- This site is optimized with the Yoast SEO plugin v21.7 - https:\/\/yoast.com\/wordpress\/plugins\/seo\/ -->\n<title>Best campsites Andernos-les-Bains - Camping les Arbousiers<\/title>\n<meta name=\"description\" content=\"The best campsites in Andernos-les-Bains: read our reviews and prepare your stay in our exceptional establishment.\" \/>\n<meta name=\"robots\" content=\"index, follow, max-snippet:-1, max-image-preview:large, max-video-preview:-1\" \/>\n<link rel=\"canonical\" href=\"https:\/\/www.camping-les-arbousiers.fr\/en\/customer-reviews-the-les-arbousiers-experience\/\" \/>\n<meta property=\"og:locale\" content=\"en_US\" \/>\n<meta property=\"og:type\" content=\"article\" \/>\n<meta property=\"og:title\" content=\"Best campsites Andernos-les-Bains - Camping les Arbousiers\" \/>\n<meta property=\"og:description\" content=\"The best campsites in Andernos-les-Bains: read our reviews and prepare your stay in our exceptional establishment.\" \/>\n<meta property=\"og:url\" content=\"https:\/\/www.camping-les-arbousiers.fr\/en\/customer-reviews-the-les-arbousiers-experience\/\" \/>\n<meta property=\"og:site_name\" content=\"Camping les Arbousiers\" \/>\n<meta property=\"article:modified_time\" content=\"2023-12-18T10:56:44+00:00\" \/>\n<meta name=\"twitter:card\" content=\"summary_large_image\" \/>\n<script type=\"application\/ld+json\" class=\"yoast-schema-graph\">{\"@context\":\"https:\/\/schema.org\",\"@graph\":[{\"@type\":\"WebPage\",\"@id\":\"https:\/\/www.camping-les-arbousiers.fr\/en\/customer-reviews-the-les-arbousiers-experience\/\",\"url\":\"https:\/\/www.camping-les-arbousiers.fr\/en\/customer-reviews-the-les-arbousiers-experience\/\",\"name\":\"Best campsites Andernos-les-Bains - Camping les Arbousiers\",\"isPartOf\":{\"@id\":\"https:\/\/www.camping-les-arbousiers.fr\/en\/#website\"},\"datePublished\":\"2023-08-07T14:52:22+00:00\",\"dateModified\":\"2023-12-18T10:56:44+00:00\",\"description\":\"The best campsites in Andernos-les-Bains: read our reviews and prepare your stay in our exceptional establishment.\",\"breadcrumb\":{\"@id\":\"https:\/\/www.camping-les-arbousiers.fr\/en\/customer-reviews-the-les-arbousiers-experience\/#breadcrumb\"},\"inLanguage\":\"en-US\",\"potentialAction\":[{\"@type\":\"ReadAction\",\"target\":[\"https:\/\/www.camping-les-arbousiers.fr\/en\/customer-reviews-the-les-arbousiers-experience\/\"]}]},{\"@type\":\"BreadcrumbList\",\"@id\":\"https:\/\/www.camping-les-arbousiers.fr\/en\/customer-reviews-the-les-arbousiers-experience\/#breadcrumb\",\"itemListElement\":[{\"@type\":\"ListItem\",\"position\":1,\"name\":\"Home\",\"item\":\"https:\/\/www.camping-les-arbousiers.fr\/en\/\"},{\"@type\":\"ListItem\",\"position\":2,\"name\":\"Customer reviews : The Les Arbousiers Experience!\"}]},{\"@type\":\"WebSite\",\"@id\":\"https:\/\/www.camping-les-arbousiers.fr\/en\/#website\",\"url\":\"https:\/\/www.camping-les-arbousiers.fr\/en\/\",\"name\":\"Camping les Arbousiers\",\"description\":\"Camping 3 \u00e9toiles Camping les Arbousiers \u00e0 Andernos-les-Bains\",\"potentialAction\":[{\"@type\":\"SearchAction\",\"target\":{\"@type\":\"EntryPoint\",\"urlTemplate\":\"https:\/\/www.camping-les-arbousiers.fr\/en\/?s={search_term_string}\"},\"query-input\":\"required name=search_term_string\"}],\"inLanguage\":\"en-US\"}]}<\/script>\n<!-- \/ Yoast SEO plugin. -->","yoast_head_json":{"title":"Best campsites Andernos-les-Bains - Camping les Arbousiers","description":"The best campsites in Andernos-les-Bains: read our reviews and prepare your stay in our exceptional establishment.","robots":{"index":"index","follow":"follow","max-snippet":"max-snippet:-1","max-image-preview":"max-image-preview:large","max-video-preview":"max-video-preview:-1"},"canonical":"https:\/\/www.camping-les-arbousiers.fr\/en\/customer-reviews-the-les-arbousiers-experience\/","og_locale":"en_US","og_type":"article","og_title":"Best campsites Andernos-les-Bains - Camping les Arbousiers","og_description":"The best campsites in Andernos-les-Bains: read our reviews and prepare your stay in our exceptional establishment.","og_url":"https:\/\/www.camping-les-arbousiers.fr\/en\/customer-reviews-the-les-arbousiers-experience\/","og_site_name":"Camping les Arbousiers","article_modified_time":"2023-12-18T10:56:44+00:00","twitter_card":"summary_large_image","schema":{"@context":"https:\/\/schema.org","@graph":[{"@type":"WebPage","@id":"https:\/\/www.camping-les-arbousiers.fr\/en\/customer-reviews-the-les-arbousiers-experience\/","url":"https:\/\/www.camping-les-arbousiers.fr\/en\/customer-reviews-the-les-arbousiers-experience\/","name":"Best campsites Andernos-les-Bains - Camping les Arbousiers","isPartOf":{"@id":"https:\/\/www.camping-les-arbousiers.fr\/en\/#website"},"datePublished":"2023-08-07T14:52:22+00:00","dateModified":"2023-12-18T10:56:44+00:00","description":"The best campsites in Andernos-les-Bains: read our reviews and prepare your stay in our exceptional establishment.","breadcrumb":{"@id":"https:\/\/www.camping-les-arbousiers.fr\/en\/customer-reviews-the-les-arbousiers-experience\/#breadcrumb"},"inLanguage":"en-US","potentialAction":[{"@type":"ReadAction","target":["https:\/\/www.camping-les-arbousiers.fr\/en\/customer-reviews-the-les-arbousiers-experience\/"]}]},{"@type":"BreadcrumbList","@id":"https:\/\/www.camping-les-arbousiers.fr\/en\/customer-reviews-the-les-arbousiers-experience\/#breadcrumb","itemListElement":[{"@type":"ListItem","position":1,"name":"Home","item":"https:\/\/www.camping-les-arbousiers.fr\/en\/"},{"@type":"ListItem","position":2,"name":"Customer reviews : The Les Arbousiers Experience!"}]},{"@type":"WebSite","@id":"https:\/\/www.camping-les-arbousiers.fr\/en\/#website","url":"https:\/\/www.camping-les-arbousiers.fr\/en\/","name":"Camping les Arbousiers","description":"Camping 3 \u00e9toiles Camping les Arbousiers \u00e0 Andernos-les-Bains","potentialAction":[{"@type":"SearchAction","target":{"@type":"EntryPoint","urlTemplate":"https:\/\/www.camping-les-arbousiers.fr\/en\/?s={search_term_string}"},"query-input":"required name=search_term_string"}],"inLanguage":"en-US"}]}},"_links":{"self":[{"href":"https:\/\/www.camping-les-arbousiers.fr\/en\/wp-json\/wp\/v2\/pages\/1156"}],"collection":[{"href":"https:\/\/www.camping-les-arbousiers.fr\/en\/wp-json\/wp\/v2\/pages"}],"about":[{"href":"https:\/\/www.camping-les-arbousiers.fr\/en\/wp-json\/wp\/v2\/types\/page"}],"author":[{"embeddable":true,"href":"https:\/\/www.camping-les-arbousiers.fr\/en\/wp-json\/wp\/v2\/users\/1"}],"replies":[{"embeddable":true,"href":"https:\/\/www.camping-les-arbousiers.fr\/en\/wp-json\/wp\/v2\/comments?post=1156"}],"version-history":[{"count":1,"href":"https:\/\/www.camping-les-arbousiers.fr\/en\/wp-json\/wp\/v2\/pages\/1156\/revisions"}],"predecessor-version":[{"id":1157,"href":"https:\/\/www.camping-les-arbousiers.fr\/en\/wp-json\/wp\/v2\/pages\/1156\/revisions\/1157"}],"wp:attachment":[{"href":"https:\/\/www.camping-les-arbousiers.fr\/en\/wp-json\/wp\/v2\/media?parent=1156"}],"curies":[{"name":"wp","href":"https:\/\/api.w.org\/{rel}","templated":true}]}}