{"id":1334,"date":"2024-03-08T12:01:46","date_gmt":"2024-03-08T11:01:46","guid":{"rendered":"https:\/\/www.camping-les-arbousiers.fr\/plan-du-camping-les-arbousiers-andernos\/"},"modified":"2026-03-26T16:44:35","modified_gmt":"2026-03-26T15:44:35","slug":"plan-du-camping-les-arbousiers-andernos","status":"publish","type":"page","link":"https:\/\/www.camping-les-arbousiers.fr\/en\/plan-du-camping-les-arbousiers-andernos\/","title":{"rendered":"Infos pratiques"},"content":{"rendered":"\n<div class=\"wp-block-media-text is-stacked-on-mobile is-image-fill has-vivid-cyan-blue-color has-text-color has-link-color wp-elements-bf9062f47a324f907dc2df082e9b0bc1\"><figure class=\"wp-block-media-text__media\" style=\"background-image:url(https:\/\/www.camping-les-arbousiers.fr\/wp-content\/uploads\/2025\/05\/arbousiers-30-1024x683.jpg);background-position:50% 50%\"><img loading=\"lazy\" decoding=\"async\" width=\"1024\" height=\"683\" src=\"https:\/\/www.camping-les-arbousiers.fr\/wp-content\/uploads\/2025\/05\/arbousiers-30-1024x683.jpg\" alt=\"\" class=\"wp-image-1973 size-full\" srcset=\"https:\/\/www.camping-les-arbousiers.fr\/wp-content\/uploads\/2025\/05\/arbousiers-30-1024x683.jpg 1024w, https:\/\/www.camping-les-arbousiers.fr\/wp-content\/uploads\/2025\/05\/arbousiers-30-300x200.jpg 300w, https:\/\/www.camping-les-arbousiers.fr\/wp-content\/uploads\/2025\/05\/arbousiers-30-768x512.jpg 768w\" sizes=\"(max-width: 1024px) 100vw, 1024px\" \/><\/figure><div class=\"wp-block-media-text__content\">\n<p class=\"has-text-align-center has-text-color has-link-color has-medium-font-size wp-elements-9115d92cb0a4e8075a7f86a02b10ce3a\" style=\"color:#3aaa81;font-style:normal;font-weight:800\"><strong>Le Camping Les Arbousiers <\/strong><\/p>\n\n\n\n<p class=\"has-text-align-center has-text-color has-link-color has-medium-font-size wp-elements-7d2735361d38b2878e9c4b312a1c3968\" style=\"color:#3aaa81;font-style:normal;font-weight:800\"><strong>vous accueille <\/strong><\/p>\n\n\n\n<p class=\"has-text-align-center has-text-color has-link-color has-medium-font-size wp-elements-fca5bc269b0be79bc026955d21a3a87a\" style=\"color:#3aaa81;font-style:normal;font-weight:900\"><strong>du 4 avril 202<\/strong>6<\/p>\n\n\n\n<p class=\"has-text-align-center has-text-color has-link-color has-medium-font-size wp-elements-7c7dafefc6fc8a7dcb5e2947a6a6b6a7\" style=\"color:#3aaa81;font-style:normal;font-weight:800\"><strong> au 27 septembre 202<\/strong>6<\/p>\n\n\n\n<p><\/p>\n<\/div><\/div>\n","protected":false},"excerpt":{"rendered":"<p>Le Camping Les Arbousiers vous accueille du 4 avril 2026 au 27 septembre 2026<\/p>\n","protected":false},"author":2,"featured_media":1959,"parent":0,"menu_order":0,"comment_status":"closed","ping_status":"closed","template":"","meta":{"footnotes":""},"acf":[],"yoast_head":"<!-- This site is optimized with the Yoast SEO plugin v21.7 - https:\/\/yoast.com\/wordpress\/plugins\/seo\/ -->\n<title>Camping avec animations Andernos-les-Bains - Camping les Arbousiers<\/title>\n<meta name=\"description\" content=\"Un camping anim\u00e9 et familial pour petits et grands. Club enfant, soir\u00e9e anim\u00e9e pour des vacances adapt\u00e9es \u00e0 tous\" \/>\n<meta name=\"robots\" content=\"index, follow, max-snippet:-1, max-image-preview:large, max-video-preview:-1\" \/>\n<link rel=\"canonical\" href=\"https:\/\/www.camping-les-arbousiers.fr\/en\/plan-du-camping-les-arbousiers-andernos\/\" \/>\n<meta property=\"og:locale\" content=\"en_US\" \/>\n<meta property=\"og:type\" content=\"article\" \/>\n<meta property=\"og:title\" content=\"Camping avec animations Andernos-les-Bains - Camping les Arbousiers\" \/>\n<meta property=\"og:description\" content=\"Un camping anim\u00e9 et familial pour petits et grands. Club enfant, soir\u00e9e anim\u00e9e pour des vacances adapt\u00e9es \u00e0 tous\" \/>\n<meta property=\"og:url\" content=\"https:\/\/www.camping-les-arbousiers.fr\/en\/plan-du-camping-les-arbousiers-andernos\/\" \/>\n<meta property=\"og:site_name\" content=\"Camping les Arbousiers\" \/>\n<meta property=\"article:modified_time\" content=\"2026-03-26T15:44:35+00:00\" \/>\n<meta property=\"og:image\" content=\"https:\/\/www.camping-les-arbousiers.fr\/wp-content\/uploads\/2025\/05\/piscine-petanque.jpg\" \/>\n\t<meta property=\"og:image:width\" content=\"480\" \/>\n\t<meta property=\"og:image:height\" content=\"640\" \/>\n\t<meta property=\"og:image:type\" content=\"image\/jpeg\" \/>\n<meta name=\"twitter:card\" content=\"summary_large_image\" \/>\n<script type=\"application\/ld+json\" class=\"yoast-schema-graph\">{\"@context\":\"https:\/\/schema.org\",\"@graph\":[{\"@type\":\"WebPage\",\"@id\":\"https:\/\/www.camping-les-arbousiers.fr\/en\/plan-du-camping-les-arbousiers-andernos\/\",\"url\":\"https:\/\/www.camping-les-arbousiers.fr\/en\/plan-du-camping-les-arbousiers-andernos\/\",\"name\":\"Camping avec animations Andernos-les-Bains - Camping les Arbousiers\",\"isPartOf\":{\"@id\":\"https:\/\/www.camping-les-arbousiers.fr\/en\/#website\"},\"datePublished\":\"2024-03-08T11:01:46+00:00\",\"dateModified\":\"2026-03-26T15:44:35+00:00\",\"description\":\"Un camping anim\u00e9 et familial pour petits et grands. Club enfant, soir\u00e9e anim\u00e9e pour des vacances adapt\u00e9es \u00e0 tous\",\"breadcrumb\":{\"@id\":\"https:\/\/www.camping-les-arbousiers.fr\/en\/plan-du-camping-les-arbousiers-andernos\/#breadcrumb\"},\"inLanguage\":\"en-US\",\"potentialAction\":[{\"@type\":\"ReadAction\",\"target\":[\"https:\/\/www.camping-les-arbousiers.fr\/en\/plan-du-camping-les-arbousiers-andernos\/\"]}]},{\"@type\":\"BreadcrumbList\",\"@id\":\"https:\/\/www.camping-les-arbousiers.fr\/en\/plan-du-camping-les-arbousiers-andernos\/#breadcrumb\",\"itemListElement\":[{\"@type\":\"ListItem\",\"position\":1,\"name\":\"Home\",\"item\":\"https:\/\/www.camping-les-arbousiers.fr\/en\/\"},{\"@type\":\"ListItem\",\"position\":2,\"name\":\"Infos pratiques\"}]},{\"@type\":\"WebSite\",\"@id\":\"https:\/\/www.camping-les-arbousiers.fr\/en\/#website\",\"url\":\"https:\/\/www.camping-les-arbousiers.fr\/en\/\",\"name\":\"Camping les Arbousiers\",\"description\":\"Camping 3 \u00e9toiles Camping les Arbousiers \u00e0 Andernos-les-Bains\",\"potentialAction\":[{\"@type\":\"SearchAction\",\"target\":{\"@type\":\"EntryPoint\",\"urlTemplate\":\"https:\/\/www.camping-les-arbousiers.fr\/en\/?s={search_term_string}\"},\"query-input\":\"required name=search_term_string\"}],\"inLanguage\":\"en-US\"}]}<\/script>\n<!-- \/ Yoast SEO plugin. -->","yoast_head_json":{"title":"Camping avec animations Andernos-les-Bains - Camping les Arbousiers","description":"Un camping anim\u00e9 et familial pour petits et grands. Club enfant, soir\u00e9e anim\u00e9e pour des vacances adapt\u00e9es \u00e0 tous","robots":{"index":"index","follow":"follow","max-snippet":"max-snippet:-1","max-image-preview":"max-image-preview:large","max-video-preview":"max-video-preview:-1"},"canonical":"https:\/\/www.camping-les-arbousiers.fr\/en\/plan-du-camping-les-arbousiers-andernos\/","og_locale":"en_US","og_type":"article","og_title":"Camping avec animations Andernos-les-Bains - Camping les Arbousiers","og_description":"Un camping anim\u00e9 et familial pour petits et grands. Club enfant, soir\u00e9e anim\u00e9e pour des vacances adapt\u00e9es \u00e0 tous","og_url":"https:\/\/www.camping-les-arbousiers.fr\/en\/plan-du-camping-les-arbousiers-andernos\/","og_site_name":"Camping les Arbousiers","article_modified_time":"2026-03-26T15:44:35+00:00","og_image":[{"width":480,"height":640,"url":"https:\/\/www.camping-les-arbousiers.fr\/wp-content\/uploads\/2025\/05\/piscine-petanque.jpg","type":"image\/jpeg"}],"twitter_card":"summary_large_image","schema":{"@context":"https:\/\/schema.org","@graph":[{"@type":"WebPage","@id":"https:\/\/www.camping-les-arbousiers.fr\/en\/plan-du-camping-les-arbousiers-andernos\/","url":"https:\/\/www.camping-les-arbousiers.fr\/en\/plan-du-camping-les-arbousiers-andernos\/","name":"Camping avec animations Andernos-les-Bains - Camping les Arbousiers","isPartOf":{"@id":"https:\/\/www.camping-les-arbousiers.fr\/en\/#website"},"datePublished":"2024-03-08T11:01:46+00:00","dateModified":"2026-03-26T15:44:35+00:00","description":"Un camping anim\u00e9 et familial pour petits et grands. Club enfant, soir\u00e9e anim\u00e9e pour des vacances adapt\u00e9es \u00e0 tous","breadcrumb":{"@id":"https:\/\/www.camping-les-arbousiers.fr\/en\/plan-du-camping-les-arbousiers-andernos\/#breadcrumb"},"inLanguage":"en-US","potentialAction":[{"@type":"ReadAction","target":["https:\/\/www.camping-les-arbousiers.fr\/en\/plan-du-camping-les-arbousiers-andernos\/"]}]},{"@type":"BreadcrumbList","@id":"https:\/\/www.camping-les-arbousiers.fr\/en\/plan-du-camping-les-arbousiers-andernos\/#breadcrumb","itemListElement":[{"@type":"ListItem","position":1,"name":"Home","item":"https:\/\/www.camping-les-arbousiers.fr\/en\/"},{"@type":"ListItem","position":2,"name":"Infos pratiques"}]},{"@type":"WebSite","@id":"https:\/\/www.camping-les-arbousiers.fr\/en\/#website","url":"https:\/\/www.camping-les-arbousiers.fr\/en\/","name":"Camping les Arbousiers","description":"Camping 3 \u00e9toiles Camping les Arbousiers \u00e0 Andernos-les-Bains","potentialAction":[{"@type":"SearchAction","target":{"@type":"EntryPoint","urlTemplate":"https:\/\/www.camping-les-arbousiers.fr\/en\/?s={search_term_string}"},"query-input":"required name=search_term_string"}],"inLanguage":"en-US"}]}},"_links":{"self":[{"href":"https:\/\/www.camping-les-arbousiers.fr\/en\/wp-json\/wp\/v2\/pages\/1334"}],"collection":[{"href":"https:\/\/www.camping-les-arbousiers.fr\/en\/wp-json\/wp\/v2\/pages"}],"about":[{"href":"https:\/\/www.camping-les-arbousiers.fr\/en\/wp-json\/wp\/v2\/types\/page"}],"author":[{"embeddable":true,"href":"https:\/\/www.camping-les-arbousiers.fr\/en\/wp-json\/wp\/v2\/users\/2"}],"replies":[{"embeddable":true,"href":"https:\/\/www.camping-les-arbousiers.fr\/en\/wp-json\/wp\/v2\/comments?post=1334"}],"version-history":[{"count":44,"href":"https:\/\/www.camping-les-arbousiers.fr\/en\/wp-json\/wp\/v2\/pages\/1334\/revisions"}],"predecessor-version":[{"id":2419,"href":"https:\/\/www.camping-les-arbousiers.fr\/en\/wp-json\/wp\/v2\/pages\/1334\/revisions\/2419"}],"wp:featuredmedia":[{"embeddable":true,"href":"https:\/\/www.camping-les-arbousiers.fr\/en\/wp-json\/wp\/v2\/media\/1959"}],"wp:attachment":[{"href":"https:\/\/www.camping-les-arbousiers.fr\/en\/wp-json\/wp\/v2\/media?parent=1334"}],"curies":[{"name":"wp","href":"https:\/\/api.w.org\/{rel}","templated":true}]}}